{"id":996,"date":"2016-05-10T17:34:05","date_gmt":"2016-05-10T17:34:05","guid":{"rendered":"http:\/\/hellkihv.ee\/?page_id=996"},"modified":"2023-02-06T19:43:11","modified_gmt":"2023-02-06T19:43:11","slug":"zanetti-siaures-gauja","status":"publish","type":"page","link":"https:\/\/hellkihv.ee\/?page_id=996","title":{"rendered":"Zanetti \u0160iaures Gauja &#8220;Rocco&#8221;"},"content":{"rendered":"<p>siberi husky<\/p>\n<p><strong>S\u00fcndinud:<\/strong> 21.11.2014<br \/>\n<strong>Sugu:<\/strong> isane<\/p>\n<p>Eesti t\u0161empion EST V CH Estonian Champion<\/p>\n<p>Leedu t\u0161empion LTU CH Lithuanian Champion<\/p>\n<p><strong>Sugupuu: <a href=\"http:\/\/register.kennelliit.ee\/index.php?page=dogCard&amp;dogId=203765\">http:\/\/register.kennelliit.ee\/index.php?page=dogCard&amp;dogId=203765<\/a><\/strong><\/p>\n<p>13.03.2016 p\u00e4rilike silmahaiguste uuring: leiuta<\/p>\n<p><strong>V\u00e4rvus<\/strong> must valgega<\/p>\n<p><a href=\"http:\/\/hellkihv.ee\/wp-content\/uploads\/2016\/05\/pilt.jpg\"><img decoding=\"async\" loading=\"lazy\" class=\"alignnone size-medium wp-image-974\" src=\"http:\/\/hellkihv.ee\/wp-content\/uploads\/2016\/05\/pilt-300x225.jpg\" alt=\"pilt\" width=\"300\" height=\"225\" srcset=\"https:\/\/hellkihv.ee\/wp-content\/uploads\/2016\/05\/pilt-300x225.jpg 300w, https:\/\/hellkihv.ee\/wp-content\/uploads\/2016\/05\/pilt-1024x768.jpg 1024w, https:\/\/hellkihv.ee\/wp-content\/uploads\/2016\/05\/pilt.jpg 1600w\" sizes=\"(max-width: 300px) 100vw, 300px\" \/><\/a><\/p>\n","protected":false},"excerpt":{"rendered":"<p>siberi husky S\u00fcndinud: 21.11.2014 Sugu: isane Eesti t\u0161empion EST V CH Estonian Champion Leedu t\u0161empion LTU CH Lithuanian Champion Sugupuu: http:\/\/register.kennelliit.ee\/index.php?page=dogCard&amp;dogId=203765 13.03.2016 p\u00e4rilike silmahaiguste uuring: leiuta V\u00e4rvus must valgega<\/p>\n","protected":false},"author":2,"featured_media":0,"parent":25,"menu_order":2,"comment_status":"closed","ping_status":"closed","template":"","meta":{"footnotes":""},"_links":{"self":[{"href":"https:\/\/hellkihv.ee\/index.php?rest_route=\/wp\/v2\/pages\/996"}],"collection":[{"href":"https:\/\/hellkihv.ee\/index.php?rest_route=\/wp\/v2\/pages"}],"about":[{"href":"https:\/\/hellkihv.ee\/index.php?rest_route=\/wp\/v2\/types\/page"}],"author":[{"embeddable":true,"href":"https:\/\/hellkihv.ee\/index.php?rest_route=\/wp\/v2\/users\/2"}],"replies":[{"embeddable":true,"href":"https:\/\/hellkihv.ee\/index.php?rest_route=%2Fwp%2Fv2%2Fcomments&post=996"}],"version-history":[{"count":10,"href":"https:\/\/hellkihv.ee\/index.php?rest_route=\/wp\/v2\/pages\/996\/revisions"}],"predecessor-version":[{"id":1692,"href":"https:\/\/hellkihv.ee\/index.php?rest_route=\/wp\/v2\/pages\/996\/revisions\/1692"}],"up":[{"embeddable":true,"href":"https:\/\/hellkihv.ee\/index.php?rest_route=\/wp\/v2\/pages\/25"}],"wp:attachment":[{"href":"https:\/\/hellkihv.ee\/index.php?rest_route=%2Fwp%2Fv2%2Fmedia&parent=996"}],"curies":[{"name":"wp","href":"https:\/\/api.w.org\/{rel}","templated":true}]}}