{"id":49,"date":"2011-05-05T09:13:42","date_gmt":"2011-05-05T09:13:42","guid":{"rendered":"http:\/\/hellkihv.ee\/?page_id=49"},"modified":"2023-02-06T19:39:03","modified_gmt":"2023-02-06T19:39:03","slug":"viited","status":"publish","type":"page","link":"https:\/\/hellkihv.ee\/?page_id=49","title":{"rendered":"Viited"},"content":{"rendered":"<p><a href=\"http:\/\/www.kennelliit.ee\/\">http:\/\/www.kennelliit.ee\/<\/a>&nbsp;&#8211; Eesti Kennelliit<\/p>\n<p><a href=\"http:\/\/www.cocaoclub.ee\/\">http:\/\/www.cocaoclub.ee\/<\/a>&nbsp;&#8211; Eesti Kesk-Aasia ja Kaukaasia Lambakoerte T\u00f5u\u00fching<\/p>\n<p><a href=\"http:\/\/www.husky.ee\/\">http:\/\/www.husky.ee\/<\/a> &#8211; Eesti Siberi Husky \u00dching<\/p>\n<p><a href=\"https:\/\/www.corgi.ee\/\">https:\/\/www.corgi.ee\/<\/a> &#8211; Eesti Welsh Corgide T\u00f5u\u00fching<\/p>\n<p>Meie s\u00f5brad:<\/p>\n<p><a href=\"http:\/\/koerad.eu\">http:\/\/koerad.eu<\/a>&#8211; kennel Brixdage: pikakarvaline taks, slovakkia t\u0161uvat\u0161 ja&nbsp; alaska malamuut<\/p>\n<p><a href=\"http:\/\/dionskennel.net\/wp\/\">http:\/\/dionskennel.net\/wp\/<\/a> &#8211; kennel Dion`s: siberi husky<\/p>\n<p><a href=\"https:\/\/astersland.ee\/\">https:\/\/astersland.ee\/<\/a> &#8211; kennel Astersland: welsh corgi pembroke<\/p>\n","protected":false},"excerpt":{"rendered":"<p>http:\/\/www.kennelliit.ee\/&nbsp;&#8211; Eesti Kennelliit http:\/\/www.cocaoclub.ee\/&nbsp;&#8211; Eesti Kesk-Aasia ja Kaukaasia Lambakoerte T\u00f5u\u00fching http:\/\/www.husky.ee\/ &#8211; Eesti Siberi Husky \u00dching https:\/\/www.corgi.ee\/ &#8211; Eesti Welsh Corgide T\u00f5u\u00fching Meie s\u00f5brad: http:\/\/koerad.eu&#8211; kennel Brixdage: pikakarvaline taks, slovakkia t\u0161uvat\u0161 ja&nbsp; alaska malamuut http:\/\/dionskennel.net\/wp\/ &#8211; kennel Dion`s: siberi husky https:\/\/astersland.ee\/ &#8211; kennel Astersland: welsh corgi pembroke<\/p>\n","protected":false},"author":2,"featured_media":0,"parent":0,"menu_order":10,"comment_status":"closed","ping_status":"open","template":"","meta":{"footnotes":""},"_links":{"self":[{"href":"https:\/\/hellkihv.ee\/index.php?rest_route=\/wp\/v2\/pages\/49"}],"collection":[{"href":"https:\/\/hellkihv.ee\/index.php?rest_route=\/wp\/v2\/pages"}],"about":[{"href":"https:\/\/hellkihv.ee\/index.php?rest_route=\/wp\/v2\/types\/page"}],"author":[{"embeddable":true,"href":"https:\/\/hellkihv.ee\/index.php?rest_route=\/wp\/v2\/users\/2"}],"replies":[{"embeddable":true,"href":"https:\/\/hellkihv.ee\/index.php?rest_route=%2Fwp%2Fv2%2Fcomments&post=49"}],"version-history":[{"count":14,"href":"https:\/\/hellkihv.ee\/index.php?rest_route=\/wp\/v2\/pages\/49\/revisions"}],"predecessor-version":[{"id":1684,"href":"https:\/\/hellkihv.ee\/index.php?rest_route=\/wp\/v2\/pages\/49\/revisions\/1684"}],"wp:attachment":[{"href":"https:\/\/hellkihv.ee\/index.php?rest_route=%2Fwp%2Fv2%2Fmedia&parent=49"}],"curies":[{"name":"wp","href":"https:\/\/api.w.org\/{rel}","templated":true}]}}