{"id":306,"date":"2011-10-03T09:38:08","date_gmt":"2011-10-03T09:38:08","guid":{"rendered":"http:\/\/hellkihv.ee\/?page_id=306"},"modified":"2023-02-06T19:39:41","modified_gmt":"2023-02-06T19:39:41","slug":"toututvustus","status":"publish","type":"page","link":"https:\/\/hellkihv.ee\/?page_id=306","title":{"rendered":"T\u00f5u tutvustus"},"content":{"rendered":"<p><em><strong>Siberi husky<\/strong><\/em><\/p>\n<p>Siberi husky on keskmise suurusega t\u00f6\u00f6koera t\u00f5ug, kiire, kergejalgne, vaba ja elegantse liikumisega. Tema \u00fcsna kompaktne ja tihedakarvaline kere, p\u00fcstised k\u00f5rvad ning kohev saba viitavad p\u00f5hjamaisele p\u00e4ritolule. Talle iseloomulik liikumisviis on sujuv ja pealtn\u00e4ha v\u00e4simatu.<\/p>\n<p>Husky on&nbsp;\u00e4\u00e4rmiselt sobiv t\u00e4itmaks oma p\u00f5list t\u00f6\u00f6\u00fclesannet kelgukoerana ja kergete koormate m\u00f5\u00f5dukas tempos suurte vahemaade taha toimetamiseks.<\/p>\n<p>Kehaehituse proportsioonid ja kuju peegeldavad seda p\u00f5hiolemust j\u00f5u, kiiruse ja vastupidavuse sobivas vahekorras. Isased on maskuliinsemad, kuid mingil juhul mitte robustsed; emased on feminiinsed ilma hapruseta kehaehituses. \u00d5iges konditsioonis husky, kellel on h\u00e4sti arenenud ja tihedad lihased, ei tohi olla \u00fclekaaluline.<\/p>\n<p>Iseloomult on siberi husky v\u00e4ga s\u00f5bralik, energiline ja ka \u00fcksjagu isep\u00e4ine. Ta seisab hea selle eest, et tema omanik olenemata ilmast ja v\u00e4listemperatuurist saaks v\u00e4hemalt paar tundi v\u00e4rskes \u00f5hus veeta, nad naudivad liikumist ja loodust.<\/p>\n<p>Nad on ka v\u00e4ga nutikad koerad, kes avavad uksi, kaevavad auke ja ronivad \u00fcle aia. See t\u00f5ug ei sobi inimesele, kes n\u00f5uab kohest ja absoluutset kuuletumist, on uhke oma iluaia \u00fcle v\u00f5i kes soovib diivanikoera. Kaevamine on husky loomuses, seda on v\u00f5imalik ohjata, kuid seda ei tohi talle l\u00f5plikult keelata. Ning ta pole meister mitte ainult kaevamises vaid ka suur meister p\u00f5genemises. Kogenud kasvatajad ja h\u00e4ndlerid ei soovita huskyt rihmast lahti jalutada, sest kui ta m\u00f5ne huvitava l\u00f5hna \u00fcles v\u00f5tab, ei pruugi ta enam tagasi tulla.<\/p>\n<p>Husky on \u00e4\u00e4rmiselt intelligentne koer, kes enamjaolt m\u00f5tleb oma peaga, talle ei sobi karm kamandamine.<\/p>\n<p>Lisaks intelligentsusele ja energilisusele v\u00f5ib huskyt iseloomustada kui v\u00e4ga s\u00f5bralikku koera. Kuna ta on loodud t\u00f6\u00f6tama rakendis koos teiste koertega, on see iseloomujoon h\u00e4davajalik, ta on inimesele ja suhtlemisele orienteeritud. Ta on s\u00f5bralik absoluutselt k\u00f5igiga, nii kutsutud kui ka kutsumata k\u00fclalistega, seega ei ole ta valvekoeraks sobilik. Ainus, millega ta v\u00f5ib pisut ehmatada, on hundilik v\u00e4limus.<\/p>\n<p>Hundilik on ka huskyde ulg. Nad on \u00fcsnagi vokaalsed koerad &#8211; hauguvad haruharva kuid see eest nad uluvad, joodeldavad ja vinguvad. Omanikule v\u00f5ib husky ulg tunduda k\u00f5ige kaunima helina, kuid naabrid tihti seda arvamust nii entusiastlikult ei jaga.<\/p>\n<p>Siberi huskyd on keskmist kasvu, turjak\u00f5rgus 50,5-60 cm, kaal 15,5-28 kg.<br \/>\nHuskyl on v\u00e4ga tihe kahekordne karv. Pehme aluskarv v\u00f5ib olla kas valge, kreemjas v\u00f5i v\u00e4rviline; tihe ja tugev pealiskarv samuti valge v\u00f5i v\u00e4rviline.&nbsp;<\/p>\n<p>Siberi husky on \u00fcsna v\u00e4he hooldust vajav koerat\u00f5ug. P\u00f5hjuseks arvatavasti tema \u00e4\u00e4rmustesse mittekalduv keskmine kehaehitus ja sajanditepikkune kasutus t\u00f6\u00f6koerana. T\u00f6\u00f6koera kui tarbeeseme hooldus ei tohtinud liialt paljun\u00f5udev olla \u2013 sellise asja jaoks lihtsalt ei j\u00e4tkunud vanasti inimestel olelusv\u00f5itluse k\u00f5rvalt aega. T\u00f6\u00f6koer pidi olema funktsionaalne ja \u00f6konoomne pidada.&nbsp;V\u00f5rreldes paljude teiste arktiliste koerat\u00f5ugudega on siberi husky karv l\u00fchem ja seet\u00f5ttu kergemini hooldatav.&nbsp;&nbsp;Normaalne husky karv on suhteliselt l\u00fchike ja liibuv, pikk ja kohev &#8220;fluffy&#8221; ei ole \u00f5ige ning selliste koerte aretuses kasutamine on keelatud.<\/p>\n<p>Lubatud v\u00e4rvused on \u00fcleni mustast \u00fcleni valgeni ning k\u00f5ik, mis sinna vahele j\u00e4\u00e4b &#8211; hall, hundihall, agouti (&#8220;metsik&#8221; v\u00e4rv), h\u00f5behall, h\u00fclgehall, pruun, helepunane, vask, \u0161okolaadvask, punane vask, oran\u00fe vask, soobel, isabella valge ja piebalt (valge koer mistahes v\u00e4rvi laikudega). Enamasti esinevad nimetatud v\u00e4rvid kombinatsioonis valge v\u00f5i kreemja v\u00e4rvigaga, kuid on ka \u00fcleni v\u00e4rvilisi isendeid, n\u00e4iteks must v\u00f5i agouti.<\/p>\n<p>Husky silmad v\u00f5ivad olla tumepruunid, kollased, sinised, \u00fcks \u00fchest ja teine teisest v\u00e4rvist (bi-color) v\u00f5i osa silmast on teist v\u00e4rvi (parti-color). K\u00f5ik v\u00e4rvid on lubatud, \u00fckski ei ole teisest parem v\u00f5i halvem. Samuti on huskydel lubatud &#8220;lumenina&#8221; &#8211; roosa v\u00e4rvus ninapeeglil.<\/p>\n","protected":false},"excerpt":{"rendered":"<p>Siberi husky Siberi husky on keskmise suurusega t\u00f6\u00f6koera t\u00f5ug, kiire, kergejalgne, vaba ja elegantse liikumisega. Tema \u00fcsna kompaktne ja tihedakarvaline kere, p\u00fcstised k\u00f5rvad ning kohev saba viitavad p\u00f5hjamaisele p\u00e4ritolule. Talle iseloomulik liikumisviis on sujuv ja pealtn\u00e4ha v\u00e4simatu. Husky on&nbsp;\u00e4\u00e4rmiselt sobiv t\u00e4itmaks oma p\u00f5list t\u00f6\u00f6\u00fclesannet kelgukoerana ja kergete koormate m\u00f5\u00f5dukas tempos suurte vahemaade taha toimetamiseks. Kehaehituse &hellip; <a class=\"read-excerpt\" href=\"https:\/\/hellkihv.ee\/?page_id=306\">Continue reading <span class=\"meta-nav\">&raquo;<\/span><\/a><\/p>\n","protected":false},"author":2,"featured_media":0,"parent":302,"menu_order":0,"comment_status":"closed","ping_status":"open","template":"","meta":{"footnotes":""},"_links":{"self":[{"href":"https:\/\/hellkihv.ee\/index.php?rest_route=\/wp\/v2\/pages\/306"}],"collection":[{"href":"https:\/\/hellkihv.ee\/index.php?rest_route=\/wp\/v2\/pages"}],"about":[{"href":"https:\/\/hellkihv.ee\/index.php?rest_route=\/wp\/v2\/types\/page"}],"author":[{"embeddable":true,"href":"https:\/\/hellkihv.ee\/index.php?rest_route=\/wp\/v2\/users\/2"}],"replies":[{"embeddable":true,"href":"https:\/\/hellkihv.ee\/index.php?rest_route=%2Fwp%2Fv2%2Fcomments&post=306"}],"version-history":[{"count":10,"href":"https:\/\/hellkihv.ee\/index.php?rest_route=\/wp\/v2\/pages\/306\/revisions"}],"predecessor-version":[{"id":1685,"href":"https:\/\/hellkihv.ee\/index.php?rest_route=\/wp\/v2\/pages\/306\/revisions\/1685"}],"up":[{"embeddable":true,"href":"https:\/\/hellkihv.ee\/index.php?rest_route=\/wp\/v2\/pages\/302"}],"wp:attachment":[{"href":"https:\/\/hellkihv.ee\/index.php?rest_route=%2Fwp%2Fv2%2Fmedia&parent=306"}],"curies":[{"name":"wp","href":"https:\/\/api.w.org\/{rel}","templated":true}]}}