{"id":1702,"date":"2024-03-10T19:29:30","date_gmt":"2024-03-10T19:29:30","guid":{"rendered":"https:\/\/hellkihv.ee\/?page_id=1702"},"modified":"2024-04-03T18:18:15","modified_gmt":"2024-04-03T18:18:15","slug":"massaaz","status":"publish","type":"page","link":"https:\/\/hellkihv.ee\/?page_id=1702","title":{"rendered":"Massaa\u017e"},"content":{"rendered":"\n<p><\/p>\n\n\n\n<p><\/p>\n\n\n\n<p><\/p>\n\n\n\n<p>Meie kennelis on tegutsev loomamass\u00f6\u00f6r Vahur Fuks. Ta on l\u00f5petanud Eesti Massaa\u017ei- ja Teraapiakooli ja on saanud loomamass\u00f6\u00f6ri tase 5  kutsetunnistuse (nr 202306).<\/p>\n\n\n\n<p>P\u00f5hiliselt on ta spetsialiseerunud hobustele, koertele ja kassidele. Kokkuleppel on v\u00f5imalik tellida massaa\u017ei ka teistele loomadele. Vajadusel pakub ta klassikalist massaa\u017ei ka omanikele. <\/p>\n\n\n\n<p><strong>V\u00f5ta \u00fchendust kas telefoni teel +372 50 92 424 v\u00f5i e-maili teel vfuks@hotmail.com<\/strong><\/p>\n\n\n\n<p><\/p>\n\n\n\n<p><a href=\"https:\/\/hellkihv.ee\/?page_id=1710\">Massaa\u017eist \u00fcldiselt<\/a><\/p>\n\n\n\n<p><a href=\"https:\/\/hellkihv.ee\/?page_id=1716\">Hinnakiri<\/a><\/p>\n","protected":false},"excerpt":{"rendered":"<p>Meie kennelis on tegutsev loomamass\u00f6\u00f6r Vahur Fuks. Ta on l\u00f5petanud Eesti Massaa\u017ei- ja Teraapiakooli ja on saanud loomamass\u00f6\u00f6ri tase 5 kutsetunnistuse (nr 202306). P\u00f5hiliselt on ta spetsialiseerunud hobustele, koertele ja kassidele. Kokkuleppel on v\u00f5imalik tellida massaa\u017ei ka teistele loomadele. Vajadusel pakub ta klassikalist massaa\u017ei ka omanikele. V\u00f5ta \u00fchendust kas telefoni teel +372 50 92 424 &hellip; <a class=\"read-excerpt\" href=\"https:\/\/hellkihv.ee\/?page_id=1702\">Continue reading <span class=\"meta-nav\">&raquo;<\/span><\/a><\/p>\n","protected":false},"author":2,"featured_media":0,"parent":0,"menu_order":2,"comment_status":"closed","ping_status":"closed","template":"","meta":{"footnotes":""},"_links":{"self":[{"href":"https:\/\/hellkihv.ee\/index.php?rest_route=\/wp\/v2\/pages\/1702"}],"collection":[{"href":"https:\/\/hellkihv.ee\/index.php?rest_route=\/wp\/v2\/pages"}],"about":[{"href":"https:\/\/hellkihv.ee\/index.php?rest_route=\/wp\/v2\/types\/page"}],"author":[{"embeddable":true,"href":"https:\/\/hellkihv.ee\/index.php?rest_route=\/wp\/v2\/users\/2"}],"replies":[{"embeddable":true,"href":"https:\/\/hellkihv.ee\/index.php?rest_route=%2Fwp%2Fv2%2Fcomments&post=1702"}],"version-history":[{"count":6,"href":"https:\/\/hellkihv.ee\/index.php?rest_route=\/wp\/v2\/pages\/1702\/revisions"}],"predecessor-version":[{"id":1739,"href":"https:\/\/hellkihv.ee\/index.php?rest_route=\/wp\/v2\/pages\/1702\/revisions\/1739"}],"wp:attachment":[{"href":"https:\/\/hellkihv.ee\/index.php?rest_route=%2Fwp%2Fv2%2Fmedia&parent=1702"}],"curies":[{"name":"wp","href":"https:\/\/api.w.org\/{rel}","templated":true}]}}