{"id":1527,"date":"2019-07-25T07:43:08","date_gmt":"2019-07-25T07:43:08","guid":{"rendered":"http:\/\/hellkihv.ee\/?page_id=1527"},"modified":"2024-04-03T18:03:19","modified_gmt":"2024-04-03T18:03:19","slug":"malestustes","status":"publish","type":"page","link":"https:\/\/hellkihv.ee\/?page_id=1527","title":{"rendered":"Alt\u00f5n Yalla"},"content":{"rendered":"<h1 class=\"storytitle\">Alt\u00f5n Yalla<\/h1>\n<div class=\"storycontent\">\n<p>07.12.2007 <a href=\"http:\/\/hellkihv.ee\/wp-content\/uploads\/2011\/05\/yalla.jpg\" data-slb-active=\"1\" data-slb-asset=\"195048820\" data-slb-internal=\"0\" data-slb-group=\"27\"><img decoding=\"async\" loading=\"lazy\" class=\"alignright size-medium wp-image-28\" title=\"Yalla suvel\" src=\"http:\/\/hellkihv.ee\/wp-content\/uploads\/2011\/05\/yalla-300x225.jpg\" sizes=\"(max-width: 300px) 100vw, 300px\" alt=\"\" width=\"300\" height=\"225\" srcset=\"https:\/\/hellkihv.ee\/wp-content\/uploads\/2011\/05\/yalla-300x225.jpg 300w, https:\/\/hellkihv.ee\/wp-content\/uploads\/2011\/05\/yalla.jpg 580w\" \/><\/a>&#8211; 16.04.2019<br \/>\n<strong>Sugu:<\/strong> emane<br \/>\n<strong>Sugupuu:<\/strong> <a href=\"http:\/\/register.kennelliit.ee\/reg\/index.php?page=dogCard&amp;dogId=92126\" target=\"_blank\" rel=\"noopener\">http:\/\/register.kennelliit.ee\/reg\/index.php?page=dogCard&amp;dogId=92126<\/a><\/p>\n<p><strong>Turjak\u00f5rgus<\/strong> 68 cm,<br \/>\n<strong>Kaal<\/strong> 45 kg<br \/>\n<strong>V\u00e4rvus<\/strong> liivakarva tiiger<\/p>\n<\/div>\n<p><img decoding=\"async\" loading=\"lazy\" class=\"alignnone size-medium wp-image-623\" src=\"http:\/\/hellkihv.ee\/wp-content\/uploads\/2011\/05\/Alt\u00f5n-Yalla4-300x214.jpg\" alt=\"\" width=\"300\" height=\"214\" srcset=\"https:\/\/hellkihv.ee\/wp-content\/uploads\/2011\/05\/Alt\u00f5n-Yalla4-300x214.jpg 300w, https:\/\/hellkihv.ee\/wp-content\/uploads\/2011\/05\/Alt\u00f5n-Yalla4.jpg 700w\" sizes=\"(max-width: 300px) 100vw, 300px\" \/> \u00a0 \u00a0\u00a0<img decoding=\"async\" loading=\"lazy\" class=\"alignnone size-medium wp-image-139\" src=\"http:\/\/hellkihv.ee\/wp-content\/uploads\/2011\/05\/DSC00121-300x226.jpg\" alt=\"\" width=\"300\" height=\"226\" srcset=\"https:\/\/hellkihv.ee\/wp-content\/uploads\/2011\/05\/DSC00121-300x226.jpg 300w, https:\/\/hellkihv.ee\/wp-content\/uploads\/2011\/05\/DSC00121.jpg 442w\" sizes=\"(max-width: 300px) 100vw, 300px\" \/><\/p>\n<p><img decoding=\"async\" loading=\"lazy\" class=\"alignnone size-medium wp-image-140\" src=\"http:\/\/hellkihv.ee\/wp-content\/uploads\/2011\/05\/IMG_6738-300x224.jpg\" alt=\"\" width=\"300\" height=\"224\" srcset=\"https:\/\/hellkihv.ee\/wp-content\/uploads\/2011\/05\/IMG_6738-300x224.jpg 300w, https:\/\/hellkihv.ee\/wp-content\/uploads\/2011\/05\/IMG_6738.jpg 568w\" sizes=\"(max-width: 300px) 100vw, 300px\" \/> \u00a0 \u00a0\u00a0<img decoding=\"async\" loading=\"lazy\" class=\"alignnone size-medium wp-image-122\" src=\"http:\/\/hellkihv.ee\/wp-content\/uploads\/2011\/05\/IMG_3859-300x225.jpg\" alt=\"\" width=\"300\" height=\"225\" srcset=\"https:\/\/hellkihv.ee\/wp-content\/uploads\/2011\/05\/IMG_3859-300x225.jpg 300w, https:\/\/hellkihv.ee\/wp-content\/uploads\/2011\/05\/IMG_3859.jpg 640w\" sizes=\"(max-width: 300px) 100vw, 300px\" \/><\/p>\n<p>&nbsp;<\/p>\n<p><strong>Yalla on Eesti\u00a0t\u0161empion!<\/strong><\/p>\n<p>Eesti Kesk-Aasia ja Kaukaasia Lambakoerte T\u00f5u\u00fchingu poolt korraldatu konkursil &#8220;2012 aasta parim n\u00e4itusekoer&#8221; konkursil saavutas yalla auhinnalise II koha!<\/p>\n<p>M\u00f5ned n\u00e4ituste tulemused:<\/p>\n<p>19.05.2012 Kesk-aasia ja kaukaasia lambakoerte erin\u00e4itus<\/p>\n<p>Kohtunik: Evgeny Pudeev (Venemaa)<\/p>\n<p>Tsempionklassis SP\/2. Eriauhind: <strong>Eesti parim emane kupeerimata kesk-aasia lambakoer!<\/strong><\/p>\n<p>11.07.2010 \u00dclenurme rahvuslik n\u00e4itus<br \/>\nKohtunik: Camila Ricart Mas (Hispaania)<br \/>\nT\u0161empionklassis SP\/1, PE1, <strong>TP<\/strong><\/p>\n<p>10.07.2010 R\u00e4pina rahvuslik n\u00e4itus<br \/>\nKohtunik: Bo Skalin (Rootsi)<br \/>\nT\u0161empionklassis SP\/1, PE2<\/p>\n<p>22.05.2010 Erin\u00e4itus (Tallinn)<br \/>\nKohtunik: Lilia Popova (Venemaa)<br \/>\nAvaklassis SP\/1, PE2, <strong>SERT<\/strong>, eriauhind <strong>\u201cParim Eesti Koer\u201d<\/strong><\/p>\n<p>06.03.2010 Tallinna rahvuslik n\u00e4itus<br \/>\nKohtunik: L. Nousiainen (Soome)<br \/>\nNoorteklassis VH\/1<\/p>\n<p>06.09.2009 Erin\u00e4itus (Tallinn)<br \/>\nKohtunik: Peter Harsanyi (Ungari)<br \/>\nNoorteklassis hinne SP\/2<\/p>\n<p>05.07.2009 Luige rahvuslik n\u00e4itus<br \/>\nKohtunik: Dina Korna<br \/>\nNoorteklassis SP\/1, PE2, <strong>SERT<\/strong><\/p>\n<p>04.04.2009 Rakvere rahvuslik n\u00e4itus<br \/>\nKohtunik: Kornelija Butrimova (Leedu)<br \/>\nNoorteklassis hinne SP\/1, PE4, <strong>SERT<\/strong><\/p>\n<p>10.01.2009 Tartu rahvuslik n\u00e4itus<br \/>\nKohtunik: Oleg Vassiljev (Venemaa)<br \/>\nJuuniorklassis hinne SP\/2, PE2<\/p>\n","protected":false},"excerpt":{"rendered":"<p>Alt\u00f5n Yalla 07.12.2007 &#8211; 16.04.2019 Sugu: emane Sugupuu: http:\/\/register.kennelliit.ee\/reg\/index.php?page=dogCard&amp;dogId=92126 Turjak\u00f5rgus 68 cm, Kaal 45 kg V\u00e4rvus liivakarva tiiger \u00a0 \u00a0\u00a0 \u00a0 \u00a0\u00a0 &nbsp; Yalla on Eesti\u00a0t\u0161empion! Eesti Kesk-Aasia ja Kaukaasia Lambakoerte T\u00f5u\u00fchingu poolt korraldatu konkursil &#8220;2012 aasta parim n\u00e4itusekoer&#8221; konkursil saavutas yalla auhinnalise II koha! M\u00f5ned n\u00e4ituste tulemused: 19.05.2012 Kesk-aasia ja kaukaasia lambakoerte erin\u00e4itus Kohtunik: &hellip; <a class=\"read-excerpt\" href=\"https:\/\/hellkihv.ee\/?page_id=1527\">Continue reading <span class=\"meta-nav\">&raquo;<\/span><\/a><\/p>\n","protected":false},"author":2,"featured_media":0,"parent":1725,"menu_order":10,"comment_status":"closed","ping_status":"closed","template":"","meta":{"footnotes":""},"_links":{"self":[{"href":"https:\/\/hellkihv.ee\/index.php?rest_route=\/wp\/v2\/pages\/1527"}],"collection":[{"href":"https:\/\/hellkihv.ee\/index.php?rest_route=\/wp\/v2\/pages"}],"about":[{"href":"https:\/\/hellkihv.ee\/index.php?rest_route=\/wp\/v2\/types\/page"}],"author":[{"embeddable":true,"href":"https:\/\/hellkihv.ee\/index.php?rest_route=\/wp\/v2\/users\/2"}],"replies":[{"embeddable":true,"href":"https:\/\/hellkihv.ee\/index.php?rest_route=%2Fwp%2Fv2%2Fcomments&post=1527"}],"version-history":[{"count":6,"href":"https:\/\/hellkihv.ee\/index.php?rest_route=\/wp\/v2\/pages\/1527\/revisions"}],"predecessor-version":[{"id":1728,"href":"https:\/\/hellkihv.ee\/index.php?rest_route=\/wp\/v2\/pages\/1527\/revisions\/1728"}],"up":[{"embeddable":true,"href":"https:\/\/hellkihv.ee\/index.php?rest_route=\/wp\/v2\/pages\/1725"}],"wp:attachment":[{"href":"https:\/\/hellkihv.ee\/index.php?rest_route=%2Fwp%2Fv2%2Fmedia&parent=1527"}],"curies":[{"name":"wp","href":"https:\/\/api.w.org\/{rel}","templated":true}]}}