{"id":11,"date":"2011-05-05T08:57:14","date_gmt":"2011-05-05T08:57:14","guid":{"rendered":"http:\/\/hellkihv.ee\/?page_id=11"},"modified":"2024-03-10T19:40:40","modified_gmt":"2024-03-10T19:40:40","slug":"meist","status":"publish","type":"page","link":"https:\/\/hellkihv.ee\/?page_id=11","title":{"rendered":"H\u00e4ndler"},"content":{"rendered":"<p>Meie kennelis on tegutsev h\u00e4ndler Ott Kristofer Fuks, kes tegeleb aktiivselt h\u00e4ndlerlusega ehk koerte esitamisega koerte n\u00e4itusel. Ott Kristofer on osalenud nii juuniorh\u00e4ndlerite v\u00f5istlustel kui ka tavaringis nii Eestis, L\u00e4tis, Leedus kui ka Soomes. Samuti on ta osalenud Juuniorh\u00e4ndlerite Eesti Meistriv\u00f5istlustel. 2018 aastal l\u00e4bis ta Thomas Wastiauxi koolituse: Master class of handling.<\/p>\n<p>Kui Teil endal ei ole soovi koera n\u00e4itusel esitada, siis v\u00f5tke \u00fchendust Ott Kristoferiga <a href=\"mailto:ottkristofer@gmail.com\">ottkristofer@hot.ee<\/a> v\u00f5i <a href=\"https:\/\/www.facebook.com\/profile.php?id=100009951962893\">\u00a0Facebooki<\/a> vahendusel.<\/p>\n<p><img decoding=\"async\" loading=\"lazy\" class=\"spotlight\" src=\"https:\/\/scontent-waw1-1.xx.fbcdn.net\/v\/t1.0-9\/44896703_760866537588405_6646136465182949376_n.jpg?_nc_cat=110&amp;_nc_ht=scontent-waw1-1.xx&amp;oh=97114952c17ea2e63208cdd26d284f46&amp;oe=5C8B17D6\" alt=\"Kasutaja Ott Kristofer Fuks foto.\" width=\"311\" height=\"316\" aria-busy=\"false\" \/>\u00a0\u00a0\u00a0\u00a0\u00a0\u00a0\u00a0\u00a0\u00a0\u00a0\u00a0\u00a0 <img decoding=\"async\" loading=\"lazy\" class=\"img\" style=\"outline: #72777c solid 1px; height: 312px; text-align: left; color: #333333; text-transform: none; text-indent: 0px; letter-spacing: normal; font-size: 16px; font-style: normal; font-variant: normal; font-weight: 400; text-decoration: none; word-spacing: 0px; white-space: normal; max-width: 897.05px; orphans: 2; -webkit-text-stroke-width: 0px; background-color: transparent;\" src=\"https:\/\/scontent-waw1-1.xx.fbcdn.net\/v\/t1.15752-9\/48405985_276838433026053_2020407956692008960_n.jpg?_nc_cat=106&amp;_nc_ht=scontent-waw1-1.xx&amp;oh=4dda430c269c2d0b5c5fe3c16a3631d1&amp;oe=5C92FA24\" alt=\"\" width=\"416\" height=\"317\" \/><\/p>\n<p>&nbsp;<\/p>\n<p><img decoding=\"async\" loading=\"lazy\" class=\"spotlight\" style=\"background-color: transparent; color: #333333; font-family: Georgia,&amp;quot; times new roman&amp;quot;,&amp;quot;bitstream charter&amp;quot;,times,serif; font-size: 16px; font-style: normal; font-variant: normal; font-weight: 400; height: 312.72px; letter-spacing: normal; max-width: 897.05px; orphans: 2; outline-color: #72777c; outline-style: solid; outline-width: 1px; text-align: left; text-decoration: none; text-indent: 0px; text-transform: none; -webkit-text-stroke-width: 0px; white-space: normal; word-spacing: 0px;\" src=\"https:\/\/scontent-waw1-1.xx.fbcdn.net\/v\/t1.0-9\/40683897_730669583941434_6337672652718604288_n.jpg?_nc_cat=101&amp;_nc_ht=scontent-waw1-1.xx&amp;oh=22c3118be8d5ff4334f4933925629a78&amp;oe=5CC2AA4B\" alt=\"Kasutaja Ott Kristofer Fuks foto.\" width=\"172\" height=\"313\" aria-busy=\"true\" \/>\u00a0\u00a0\u00a0\u00a0\u00a0<img decoding=\"async\" loading=\"lazy\" class=\"spotlight\" style=\"background-color: transparent; color: #333333; font-family: Georgia,&amp;quot; times new roman&amp;quot;,&amp;quot;bitstream charter&amp;quot;,times,serif; font-size: 16px; font-style: normal; font-variant: normal; font-weight: 400; height: 310.9px; letter-spacing: normal; max-width: 897.05px; orphans: 2; outline-color: #72777c; outline-style: solid; outline-width: 1px; text-align: left; text-decoration: none; text-indent: 0px; text-transform: none; -webkit-text-stroke-width: 0px; white-space: normal; word-spacing: 0px;\" src=\"https:\/\/scontent-waw1-1.xx.fbcdn.net\/v\/t1.0-9\/40656466_730669587274767_5720277413225562112_n.jpg?_nc_cat=103&amp;_nc_ht=scontent-waw1-1.xx&amp;oh=46c6cbcdfd4eeb0fbfd801fb4dfa1692&amp;oe=5CC25A9B\" alt=\"Kasutaja Ott Kristofer Fuks foto.\" width=\"171\" height=\"311\" aria-busy=\"true\" \/>\u00a0\u00a0\u00a0\u00a0\u00a0<img decoding=\"async\" loading=\"lazy\" class=\"img\" style=\"outline: #72777c solid 1px; height: 310px; text-align: left; color: #333333; text-transform: none; text-indent: 0px; letter-spacing: normal; font-size: 16px; font-style: normal; font-variant: normal; font-weight: 400; text-decoration: none; word-spacing: 0px; white-space: normal; max-width: 897.05px; orphans: 2; -webkit-text-stroke-width: 0px; background-color: transparent;\" src=\"https:\/\/scontent-waw1-1.xx.fbcdn.net\/v\/t1.15752-9\/48393760_747855195574158_955865823791022080_n.jpg?_nc_cat=102&amp;_nc_ht=scontent-waw1-1.xx&amp;oh=b8b3a49c27ee480d5f54e60e78601c92&amp;oe=5CCC3C2C\" alt=\"\" width=\"233\" height=\"342\" \/><b><\/b><i><\/i><u><\/u><\/p>\n<p>&nbsp;<\/p>\n<p><img decoding=\"async\" loading=\"lazy\" class=\"spotlight\" style=\"outline: #72777c solid 1px; height: 247px; text-align: left; color: #333333; text-transform: none; text-indent: 0px; letter-spacing: normal; font-size: 16px; font-style: normal; font-variant: normal; font-weight: 400; text-decoration: none; word-spacing: 0px; white-space: normal; max-width: 897.05px; orphans: 2; -webkit-text-stroke-width: 0px; background-color: transparent;\" src=\"https:\/\/scontent-waw1-1.xx.fbcdn.net\/v\/t1.0-9\/40647526_730669593941433_1237688267650891776_n.jpg?_nc_cat=101&amp;_nc_ht=scontent-waw1-1.xx&amp;oh=8e278dee551ee401d51c34958914268f&amp;oe=5CC2BD2C\" alt=\"Kasutaja Ott Kristofer Fuks foto.\" width=\"329\" height=\"240\" aria-busy=\"true\" \/>\u00a0\u00a0\u00a0\u00a0\u00a0<img decoding=\"async\" loading=\"lazy\" class=\"img\" style=\"background-color: transparent; color: #333333; font-family: Georgia,&amp;quot; times new roman&amp;quot;,&amp;quot;bitstream charter&amp;quot;,times,serif; font-size: 16px; font-style: normal; font-variant: normal; font-weight: 400; height: 341.33px; letter-spacing: normal; max-width: 897.05px; orphans: 2; outline-color: #72777c; outline-style: solid; outline-width: 1px; text-align: left; text-decoration: none; text-indent: 0px; text-transform: none; -webkit-text-stroke-width: 0px; white-space: normal; word-spacing: 0px;\" src=\"https:\/\/scontent-waw1-1.xx.fbcdn.net\/v\/t1.15752-9\/48379537_519729228512834_7785117201731682304_n.jpg?_nc_cat=105&amp;_nc_ht=scontent-waw1-1.xx&amp;oh=d031926a16839b66d0c050d9d1dfa7e5&amp;oe=5CD54F8B\" alt=\"\" width=\"256\" height=\"341\" \/><\/p>\n<p>&nbsp;<\/p>\n<p><img decoding=\"async\" loading=\"lazy\" class=\"spotlight\" src=\"https:\/\/scontent-waw1-1.xx.fbcdn.net\/v\/t1.0-9\/40660314_730669597274766_1627583062319562752_n.jpg?_nc_cat=108&amp;_nc_ht=scontent-waw1-1.xx&amp;oh=b46ac12f4c47aadfd347e2118591bbb4&amp;oe=5CCF8EB5\" alt=\"Kasutaja Ott Kristofer Fuks foto.\" width=\"315\" height=\"210\" aria-busy=\"true\" \/> \u00a0 \u00a0 <img decoding=\"async\" loading=\"lazy\" class=\"spotlight\" style=\"outline: #72777c solid 1px; height: 209px; text-align: left; color: #333333; text-transform: none; text-indent: 0px; letter-spacing: normal; font-size: 16px; font-style: normal; font-variant: normal; font-weight: 400; text-decoration: none; word-spacing: 0px; white-space: normal; max-width: 897.05px; orphans: 2; -webkit-text-stroke-width: 0px; background-color: transparent;\" src=\"https:\/\/scontent-waw1-1.xx.fbcdn.net\/v\/t1.0-9\/40617168_730669590608100_3712252281039618048_n.jpg?_nc_cat=111&amp;_nc_ht=scontent-waw1-1.xx&amp;oh=d6734de234b74896c034210279b527c7&amp;oe=5CC0F079\" alt=\"Kasutaja Ott Kristofer Fuks foto.\" width=\"314\" height=\"306\" aria-busy=\"true\" \/><\/p>\n<p><img decoding=\"async\" loading=\"lazy\" class=\"alignnone wp-image-1333\" src=\"http:\/\/hellkihv.ee\/wp-content\/uploads\/2019\/01\/20180902_140701-300x169.jpg\" alt=\"\" width=\"314\" height=\"177\" srcset=\"https:\/\/hellkihv.ee\/wp-content\/uploads\/2019\/01\/20180902_140701-300x169.jpg 300w, https:\/\/hellkihv.ee\/wp-content\/uploads\/2019\/01\/20180902_140701-768x432.jpg 768w, https:\/\/hellkihv.ee\/wp-content\/uploads\/2019\/01\/20180902_140701-1024x576.jpg 1024w\" sizes=\"(max-width: 314px) 100vw, 314px\" \/><\/p>\n","protected":false},"excerpt":{"rendered":"<p>Meie kennelis on tegutsev h\u00e4ndler Ott Kristofer Fuks, kes tegeleb aktiivselt h\u00e4ndlerlusega ehk koerte esitamisega koerte n\u00e4itusel. Ott Kristofer on osalenud nii juuniorh\u00e4ndlerite v\u00f5istlustel kui ka tavaringis nii Eestis, L\u00e4tis, Leedus kui ka Soomes. Samuti on ta osalenud Juuniorh\u00e4ndlerite Eesti Meistriv\u00f5istlustel. 2018 aastal l\u00e4bis ta Thomas Wastiauxi koolituse: Master class of handling. Kui Teil endal &hellip; <a class=\"read-excerpt\" href=\"https:\/\/hellkihv.ee\/?page_id=11\">Continue reading <span class=\"meta-nav\">&raquo;<\/span><\/a><\/p>\n","protected":false},"author":2,"featured_media":0,"parent":0,"menu_order":2,"comment_status":"closed","ping_status":"open","template":"","meta":{"footnotes":""},"_links":{"self":[{"href":"https:\/\/hellkihv.ee\/index.php?rest_route=\/wp\/v2\/pages\/11"}],"collection":[{"href":"https:\/\/hellkihv.ee\/index.php?rest_route=\/wp\/v2\/pages"}],"about":[{"href":"https:\/\/hellkihv.ee\/index.php?rest_route=\/wp\/v2\/types\/page"}],"author":[{"embeddable":true,"href":"https:\/\/hellkihv.ee\/index.php?rest_route=\/wp\/v2\/users\/2"}],"replies":[{"embeddable":true,"href":"https:\/\/hellkihv.ee\/index.php?rest_route=%2Fwp%2Fv2%2Fcomments&post=11"}],"version-history":[{"count":25,"href":"https:\/\/hellkihv.ee\/index.php?rest_route=\/wp\/v2\/pages\/11\/revisions"}],"predecessor-version":[{"id":1706,"href":"https:\/\/hellkihv.ee\/index.php?rest_route=\/wp\/v2\/pages\/11\/revisions\/1706"}],"wp:attachment":[{"href":"https:\/\/hellkihv.ee\/index.php?rest_route=%2Fwp%2Fv2%2Fmedia&parent=11"}],"curies":[{"name":"wp","href":"https:\/\/api.w.org\/{rel}","templated":true}]}}