{"id":1030,"date":"2016-05-11T17:46:48","date_gmt":"2016-05-11T17:46:48","guid":{"rendered":"http:\/\/hellkihv.ee\/?page_id=1030"},"modified":"2016-05-15T19:29:43","modified_gmt":"2016-05-15T19:29:43","slug":"j-pesakond","status":"publish","type":"page","link":"https:\/\/hellkihv.ee\/?page_id=1030","title":{"rendered":"J-pesakond"},"content":{"rendered":"<p><strong>\u00a0<\/strong>07.11.2013 s\u00fcndis kesk-aasia lambakoera pesakond:\u00a0\u00a03 isast ja\u00a05 emast kesk-aasia lambakoera kutsikat!<\/p>\n<p>Kutsikate isa: Altynbay Dildar<\/p>\n<p>S\u00fcndinud: 09.11.2009<\/p>\n<p>Kutsikate ema: <strong>Alt\u00f5n Yalla<\/strong><br \/>\nS\u00fcndinud: 07.12.2007<\/p>\n<p>Tiitlid: EST CH<\/p>\n<p>&nbsp;<\/p>\n<p>Hellkihv Joozhar (isane)<\/p>\n<p><img decoding=\"async\" loading=\"lazy\" title=\"isane1\" src=\"http:\/\/hellkihv.ee\/wp-content\/uploads\/2011\/05\/isane11-300x199.jpg\" alt=\"\" width=\"300\" height=\"199\" \/><\/p>\n<p>Hellkihv Jabirah (emane)<\/p>\n<p><img decoding=\"async\" loading=\"lazy\" title=\"Jabirah_istub\" src=\"http:\/\/hellkihv.ee\/wp-content\/uploads\/2011\/05\/Jabirah_istub2-300x224.jpg\" alt=\"\" width=\"300\" height=\"224\" \/><\/p>\n<p>Hellkihv Jabir (isane)<\/p>\n<p><img decoding=\"async\" loading=\"lazy\" class=\"alignnone size-medium wp-image-773\" title=\"isane 2\" src=\"http:\/\/hellkihv.ee\/wp-content\/uploads\/2011\/05\/isane-2-300x199.jpg\" alt=\"\" width=\"300\" height=\"199\" srcset=\"https:\/\/hellkihv.ee\/wp-content\/uploads\/2011\/05\/isane-2-300x199.jpg 300w, https:\/\/hellkihv.ee\/wp-content\/uploads\/2011\/05\/isane-2-1024x680.jpg 1024w\" sizes=\"(max-width: 300px) 100vw, 300px\" \/><\/p>\n<p>Hellkihv Johara (emane)<\/p>\n<p><img decoding=\"async\" loading=\"lazy\" title=\"Johara.3\" src=\"http:\/\/hellkihv.ee\/wp-content\/uploads\/2011\/05\/Johara.3-300x224.jpg\" alt=\"\" width=\"300\" height=\"224\" \/><\/p>\n<p>Hellkihv Jasmir (isane)<\/p>\n<p><img decoding=\"async\" loading=\"lazy\" class=\"alignnone size-medium wp-image-777\" title=\"isane 3\" src=\"http:\/\/hellkihv.ee\/wp-content\/uploads\/2011\/05\/isane-31-300x199.jpg\" alt=\"\" width=\"300\" height=\"199\" srcset=\"https:\/\/hellkihv.ee\/wp-content\/uploads\/2011\/05\/isane-31-300x199.jpg 300w, https:\/\/hellkihv.ee\/wp-content\/uploads\/2011\/05\/isane-31-1024x680.jpg 1024w\" sizes=\"(max-width: 300px) 100vw, 300px\" \/><\/p>\n<p>Hellkihv Jahida (emane)<\/p>\n<p><img decoding=\"async\" loading=\"lazy\" title=\"Jahida\" src=\"http:\/\/hellkihv.ee\/wp-content\/uploads\/2011\/05\/Jahida1-300x168.jpg\" alt=\"\" width=\"300\" height=\"168\" \/><\/p>\n<p>Hellkihv Jamila (emane)<\/p>\n<p><img decoding=\"async\" loading=\"lazy\" title=\"Jamila\" src=\"http:\/\/hellkihv.ee\/wp-content\/uploads\/2011\/05\/Jamila2-300x168.jpg\" alt=\"\" width=\"300\" height=\"168\" \/><\/p>\n<p>Hellkihv Jalilah (emane)<\/p>\n<p><img decoding=\"async\" loading=\"lazy\" title=\"SAMSUNG CAMERA PICTURES\" src=\"http:\/\/hellkihv.ee\/wp-content\/uploads\/2011\/05\/Jalilah1-300x168.jpg\" alt=\"\" width=\"300\" height=\"168\" \/><\/p>\n<p>&nbsp;<\/p>\n","protected":false},"excerpt":{"rendered":"<p>\u00a007.11.2013 s\u00fcndis kesk-aasia lambakoera pesakond:\u00a0\u00a03 isast ja\u00a05 emast kesk-aasia lambakoera kutsikat! Kutsikate isa: Altynbay Dildar S\u00fcndinud: 09.11.2009 Kutsikate ema: Alt\u00f5n Yalla S\u00fcndinud: 07.12.2007 Tiitlid: EST CH &nbsp; Hellkihv Joozhar (isane) Hellkihv Jabirah (emane) Hellkihv Jabir (isane) Hellkihv Johara (emane) Hellkihv Jasmir (isane) Hellkihv Jahida (emane) Hellkihv Jamila (emane) Hellkihv Jalilah (emane) &nbsp;<\/p>\n","protected":false},"author":2,"featured_media":0,"parent":38,"menu_order":0,"comment_status":"closed","ping_status":"closed","template":"","meta":{"footnotes":""},"_links":{"self":[{"href":"https:\/\/hellkihv.ee\/index.php?rest_route=\/wp\/v2\/pages\/1030"}],"collection":[{"href":"https:\/\/hellkihv.ee\/index.php?rest_route=\/wp\/v2\/pages"}],"about":[{"href":"https:\/\/hellkihv.ee\/index.php?rest_route=\/wp\/v2\/types\/page"}],"author":[{"embeddable":true,"href":"https:\/\/hellkihv.ee\/index.php?rest_route=\/wp\/v2\/users\/2"}],"replies":[{"embeddable":true,"href":"https:\/\/hellkihv.ee\/index.php?rest_route=%2Fwp%2Fv2%2Fcomments&post=1030"}],"version-history":[{"count":13,"href":"https:\/\/hellkihv.ee\/index.php?rest_route=\/wp\/v2\/pages\/1030\/revisions"}],"predecessor-version":[{"id":1055,"href":"https:\/\/hellkihv.ee\/index.php?rest_route=\/wp\/v2\/pages\/1030\/revisions\/1055"}],"up":[{"embeddable":true,"href":"https:\/\/hellkihv.ee\/index.php?rest_route=\/wp\/v2\/pages\/38"}],"wp:attachment":[{"href":"https:\/\/hellkihv.ee\/index.php?rest_route=%2Fwp%2Fv2%2Fmedia&parent=1030"}],"curies":[{"name":"wp","href":"https:\/\/api.w.org\/{rel}","templated":true}]}}